{"id":153,"date":"2025-09-23T12:27:22","date_gmt":"2025-09-23T10:27:22","guid":{"rendered":"https:\/\/www.wingchunparis.com\/?page_id=153"},"modified":"2025-10-29T11:45:42","modified_gmt":"2025-10-29T10:45:42","slug":"lok-yiu","status":"publish","type":"page","link":"https:\/\/www.wingchunparis.com\/en\/lok-yiu\/","title":{"rendered":"Lok Yiu"},"content":{"rendered":"<div class=\"wp-block-cover alignfull\" style=\"margin-top:0;margin-bottom:0;min-height:910px;aspect-ratio:unset;\"><img loading=\"lazy\" decoding=\"async\" width=\"253\" height=\"408\" class=\"wp-block-cover__image-background wp-image-182 size-full\" alt=\"\" src=\"https:\/\/www.wingchunparis.com\/wp-content\/uploads\/2025\/09\/R.jpg\" style=\"object-position:54% 14%\" data-object-fit=\"cover\" data-object-position=\"54% 14%\" srcset=\"https:\/\/www.wingchunparis.com\/wp-content\/uploads\/2025\/09\/R.jpg 253w, https:\/\/www.wingchunparis.com\/wp-content\/uploads\/2025\/09\/R-186x300.jpg 186w, https:\/\/www.wingchunparis.com\/wp-content\/uploads\/2025\/09\/R-7x12.jpg 7w\" sizes=\"auto, (max-width: 253px) 100vw, 253px\" \/><span aria-hidden=\"true\" class=\"wp-block-cover__background has-background-dim-70 has-background-dim wp-block-cover__gradient-background has-background-gradient\" style=\"background:linear-gradient(135deg,rgb(0,0,0) 0%,rgb(77,0,0) 100%)\"><\/span><div class=\"wp-block-cover__inner-container is-layout-flow wp-block-cover-is-layout-flow\">\n<div class=\"inherit-container-width wp-block-group alignwide is-layout-constrained wp-block-group-is-layout-constrained\">\n<div class=\"wp-block-media-text alignwide has-media-on-the-right is-stacked-on-mobile is-vertically-aligned-center\" style=\"grid-template-columns:auto 43%\"><div class=\"wp-block-media-text__content\">\n<h1 class=\"wp-block-heading has-text-align-left has-white-color has-text-color\">Lok Yiu<\/h1>\n\n\n\n<p class=\"has-text-align-left has-white-color has-text-color\">Ma\u00eetre Lok Yiu est n\u00e9 en 1922. Il rencontra le Grand Ma\u00eetre Ip Man pour la premi\u00e8re fois \u00e0 Restaurant Workers Union de Kowloon en 1950. La premi\u00e8re classe du Grand Ma\u00eetre Ip Man comptait 8 \u00e9l\u00e8ves. Apr\u00e8s quelques semaines, il ne restait plus que Lok Yiu et Leung Sheung, les autres abandonn\u00e8rent. <\/p>\n\n\n\n<p class=\"has-text-align-left has-white-color has-text-color\">Les 7 ann\u00e9es suivantes, Ip Man et son To-Dai Lok Yiu partag\u00e8rent le m\u00eame appartement. Jour et nuit le ma\u00eetre enseigna \u00e0 son \u00e9l\u00e8ve. Lok Yiu devint son premier assistant. La plupart des disciples suivants de Ip Man pass\u00e8rent entre les mains de leur SiHing Lok Yiu. Lorsque sa formation fut achev\u00e9e, il fut autoris\u00e9 par le grand ma\u00eetre \u00e0 ouvrir sa propre \u00e9cole. Lok Yiu entretenait une relation tr\u00e8s \u00e9troite avec son Sifu, Ip Man. <\/p>\n\n\n\n<p class=\"has-text-align-left has-white-color has-text-color\">Preuve de leur amiti\u00e9, ce dernier venait tr\u00e8s souvent chez lui pour jouer au mahjong, une habitude qu&rsquo;ils ont gard\u00e9e jusqu&rsquo;\u00e0 la fin de la vie d&rsquo;Ip Man. Parall\u00e8lement \u00e0 ce lien personnel, Lok Yiu a continu\u00e9 de s&rsquo;entra\u00eener et d&rsquo;\u00e9changer avec son ma\u00eetre pendant pr\u00e8s de 20 ans afin de perfectionner son Wing Chun.<\/p>\n<\/div><figure class=\"wp-block-media-text__media\"><img loading=\"lazy\" decoding=\"async\" width=\"593\" height=\"1024\" src=\"https:\/\/www.wingchunparis.com\/wp-content\/uploads\/2025\/09\/1000047821-593x1024.png\" alt=\"\" class=\"wp-image-30 size-full\" srcset=\"https:\/\/www.wingchunparis.com\/wp-content\/uploads\/2025\/09\/1000047821-593x1024.png 593w, https:\/\/www.wingchunparis.com\/wp-content\/uploads\/2025\/09\/1000047821-174x300.png 174w, https:\/\/www.wingchunparis.com\/wp-content\/uploads\/2025\/09\/1000047821.png 615w\" sizes=\"auto, (max-width: 593px) 100vw, 593px\" \/><\/figure><\/div>\n<\/div>\n<\/div><\/div>\n\n\n\n<figure class=\"wp-block-embed is-type-video is-provider-youtube wp-block-embed-youtube wp-embed-aspect-16-9 wp-has-aspect-ratio\"><div class=\"wp-block-embed__wrapper\">\n<iframe loading=\"lazy\" title=\"Souvenirs de Ip Man et Lok Yiu\" width=\"500\" height=\"281\" src=\"https:\/\/www.youtube.com\/embed\/nCXg12LhpXc?feature=oembed\" frameborder=\"0\" allow=\"accelerometer; autoplay; clipboard-write; encrypted-media; gyroscope; picture-in-picture; web-share\" referrerpolicy=\"strict-origin-when-cross-origin\" allowfullscreen><\/iframe>\n<\/div><\/figure>\n\n\n\n<div class=\"wp-block-group alignfull has-ast-global-color-5-color has-text-color has-background has-link-color wp-elements-7867fb8e858bbdc33b9893ee1f0c6137 is-layout-constrained wp-container-core-group-is-layout-aa00ed3f wp-block-group-is-layout-constrained\" id=\"l'\u00e9quipe\" style=\"background:linear-gradient(279deg,rgb(0,0,0) 0%,rgb(44,4,4) 50%,rgb(95,15,15) 100%);margin-top:0;margin-bottom:0;padding-top:143px;padding-bottom:144px\">\n<div class=\"wp-block-media-text has-media-on-the-right is-stacked-on-mobile\"><div class=\"wp-block-media-text__content\">\n<div class=\"inherit-container-width wp-block-group is-layout-constrained wp-container-core-group-is-layout-47ce07ec wp-block-group-is-layout-constrained\" style=\"padding-right:80px\">\n<p class=\"has-text-align-left has-ast-global-color-5-color has-text-color has-link-color wp-elements-a896c938c0ff0da27068ccdf5f0bab8f\">Ma\u00eetre Lok Yiu enseigna pendant 50 ann\u00e9es et fut \u00e0 cette \u00e9poque reconnu par la communaut\u00e9 des autres enseignants comme la plus haute autorit\u00e9 en mati\u00e8re de Wing Chun. <\/p>\n\n\n\n<p class=\"has-text-align-left has-ast-global-color-5-color has-text-color has-link-color wp-elements-995ecf56d4c642b857c1a0ecf41f7b87\">D\u00e8s 1996, il est d\u00e9sign\u00e9 chef instructeur du Club de Wushu de la police de Hong-Kong. Malgr\u00e9 cela, il n\u2019a jamais voulu qu\u2019on l\u2019appelle \u00ab grand ma\u00eetre \u00bb et r\u00e9p\u00e9tait : \u00ab il n\u2019y a qu\u2019un seul grand ma\u00eetre en Wing Chun, et c\u2019est mon SiFu Ip Man \u00bb.<\/p>\n\n\n\n<p><strong>Il vivait son art avec passion sans avoir d\u2019int\u00e9r\u00eat pour la reconnaissance et les titres.&nbsp;<\/strong>Il \u00e9tait connu pour son franc-parler envers ceux qui pratiquaient avec plus de l\u00e9g\u00e8ret\u00e9 et exigeait des Si-Dai de ses \u00e9l\u00e8ves un dur labeur.<\/p>\n<\/div>\n<\/div><figure class=\"wp-block-media-text__media\"><img loading=\"lazy\" decoding=\"async\" width=\"500\" height=\"500\" src=\"https:\/\/www.wingchunparis.com\/wp-content\/uploads\/2025\/09\/Lok-Yiu.jpg.webp\" alt=\"\" class=\"wp-image-181 size-full\" srcset=\"https:\/\/www.wingchunparis.com\/wp-content\/uploads\/2025\/09\/Lok-Yiu.jpg.webp 500w, https:\/\/www.wingchunparis.com\/wp-content\/uploads\/2025\/09\/Lok-Yiu.jpg-300x300.webp 300w, https:\/\/www.wingchunparis.com\/wp-content\/uploads\/2025\/09\/Lok-Yiu.jpg-150x150.webp 150w, https:\/\/www.wingchunparis.com\/wp-content\/uploads\/2025\/09\/Lok-Yiu.jpg-12x12.webp 12w\" sizes=\"auto, (max-width: 500px) 100vw, 500px\" \/><\/figure><\/div>\n<\/div>\n\n\n\n<div class=\"wp-block-group alignfull has-ast-global-color-5-color has-text-color has-background has-link-color wp-elements-1503cc07434a8839615d9b8532d10068 is-layout-constrained wp-container-core-group-is-layout-aa00ed3f wp-block-group-is-layout-constrained\" id=\"l'\u00e9quipe\" style=\"background:linear-gradient(279deg,rgb(68,0,0) 0%,rgb(44,4,4) 50%,rgb(158,18,18) 99%);margin-top:0;margin-bottom:0;padding-top:143px;padding-bottom:144px\">\n<div class=\"wp-block-media-text is-stacked-on-mobile\"><figure class=\"wp-block-media-text__media\"><img loading=\"lazy\" decoding=\"async\" width=\"419\" height=\"600\" src=\"https:\/\/www.wingchunparis.com\/wp-content\/uploads\/2025\/09\/lok-yiu-ebe63b87-0788-4847-89e4-d9ba66a83ee-resize-750-1.jpeg\" alt=\"\" class=\"wp-image-180 size-full\" srcset=\"https:\/\/www.wingchunparis.com\/wp-content\/uploads\/2025\/09\/lok-yiu-ebe63b87-0788-4847-89e4-d9ba66a83ee-resize-750-1.jpeg 419w, https:\/\/www.wingchunparis.com\/wp-content\/uploads\/2025\/09\/lok-yiu-ebe63b87-0788-4847-89e4-d9ba66a83ee-resize-750-1-210x300.jpeg 210w, https:\/\/www.wingchunparis.com\/wp-content\/uploads\/2025\/09\/lok-yiu-ebe63b87-0788-4847-89e4-d9ba66a83ee-resize-750-1-8x12.jpeg 8w\" sizes=\"auto, (max-width: 419px) 100vw, 419px\" \/><\/figure><div class=\"wp-block-media-text__content\">\n<div class=\"inherit-container-width wp-block-group is-layout-constrained wp-container-core-group-is-layout-47ce07ec wp-block-group-is-layout-constrained\" style=\"padding-right:80px\">\n<p class=\"has-text-align-left has-ast-global-color-5-color has-text-color has-link-color wp-elements-119097585042d123498ccef1af861d24\">D\u00e9c\u00e9d\u00e9 en 2006, il a pu enseigner intens\u00e9ment pendant plus de 30 ans \u00e0 ses deux fils jumeaux \u2013 ma\u00eetres Lok Keng Kwong et Lok Keng Sang \u2013 lesquels maintiennent aujourd\u2019hui l\u2019art vivant et enseignent \u00e0 un petit groupe d\u2019\u00e9l\u00e8ves, notamment les \u00e9l\u00e8ves europ\u00e9ens de feu ma\u00eetre Wilhelm Blech, accept\u00e9 par ma\u00eetre Lok Yiu comme membre de sa famille en 1992, et dont il fut l\u2019unique \u00e9l\u00e8ve occidental.<\/p>\n<\/div>\n<\/div><\/div>\n<\/div>","protected":false},"excerpt":{"rendered":"<p>Ma\u00eetre Lok Yiu enseigna pendant 50 ann\u00e9es et fut \u00e0 cette \u00e9poque reconnu par la communaut\u00e9 des autres enseignants comme [&hellip;]<\/p>\n","protected":false},"author":2,"featured_media":0,"parent":0,"menu_order":0,"comment_status":"closed","ping_status":"closed","template":"","meta":{"om_disable_all_campaigns":false,"_uag_custom_page_level_css":"","_monsterinsights_skip_tracking":false,"_monsterinsights_sitenote_active":false,"_monsterinsights_sitenote_note":"","_monsterinsights_sitenote_category":0,"site-sidebar-layout":"default","site-content-layout":"","ast-site-content-layout":"default","site-content-style":"default","site-sidebar-style":"default","ast-global-header-display":"","ast-banner-title-visibility":"","ast-main-header-display":"","ast-hfb-above-header-display":"","ast-hfb-below-header-display":"","ast-hfb-mobile-header-display":"","site-post-title":"","ast-breadcrumbs-content":"","ast-featured-img":"","footer-sml-layout":"","ast-disable-related-posts":"","theme-transparent-header-meta":"","adv-header-id-meta":"","stick-header-meta":"","header-above-stick-meta":"","header-main-stick-meta":"","header-below-stick-meta":"","astra-migrate-meta-layouts":"default","ast-page-background-enabled":"default","ast-page-background-meta":{"desktop":{"background-color":"var(--ast-global-color-5)","background-image":"","background-repeat":"repeat","background-position":"center center","background-size":"auto","background-attachment":"scroll","background-type":"","background-media":"","overlay-type":"","overlay-color":"","overlay-opacity":"","overlay-gradient":""},"tablet":{"background-color":"","background-image":"","background-repeat":"repeat","background-position":"center center","background-size":"auto","background-attachment":"scroll","background-type":"","background-media":"","overlay-type":"","overlay-color":"","overlay-opacity":"","overlay-gradient":""},"mobile":{"background-color":"","background-image":"","background-repeat":"repeat","background-position":"center center","background-size":"auto","background-attachment":"scroll","background-type":"","background-media":"","overlay-type":"","overlay-color":"","overlay-opacity":"","overlay-gradient":""}},"ast-content-background-meta":{"desktop":{"background-color":"var(--ast-global-color-4)","background-image":"","background-repeat":"repeat","background-position":"center center","background-size":"auto","background-attachment":"scroll","background-type":"","background-media":"","overlay-type":"","overlay-color":"","overlay-opacity":"","overlay-gradient":""},"tablet":{"background-color":"var(--ast-global-color-4)","background-image":"","background-repeat":"repeat","background-position":"center center","background-size":"auto","background-attachment":"scroll","background-type":"","background-media":"","overlay-type":"","overlay-color":"","overlay-opacity":"","overlay-gradient":""},"mobile":{"background-color":"var(--ast-global-color-4)","background-image":"","background-repeat":"repeat","background-position":"center center","background-size":"auto","background-attachment":"scroll","background-type":"","background-media":"","overlay-type":"","overlay-color":"","overlay-opacity":"","overlay-gradient":""}},"footnotes":""},"class_list":["post-153","page","type-page","status-publish","hentry"],"aioseo_notices":[],"uagb_featured_image_src":{"full":false,"thumbnail":false,"medium":false,"medium_large":false,"large":false,"1536x1536":false,"2048x2048":false,"trp-custom-language-flag":false},"uagb_author_info":{"display_name":"Guillaume","author_link":"https:\/\/www.wingchunparis.com\/en\/author\/grcg\/"},"uagb_comment_info":0,"uagb_excerpt":"Ma\u00eetre Lok Yiu enseigna pendant 50 ann\u00e9es et fut \u00e0 cette \u00e9poque reconnu par la communaut\u00e9 des autres enseignants comme [&hellip;]","_links":{"self":[{"href":"https:\/\/www.wingchunparis.com\/en\/wp-json\/wp\/v2\/pages\/153","targetHints":{"allow":["GET"]}}],"collection":[{"href":"https:\/\/www.wingchunparis.com\/en\/wp-json\/wp\/v2\/pages"}],"about":[{"href":"https:\/\/www.wingchunparis.com\/en\/wp-json\/wp\/v2\/types\/page"}],"author":[{"embeddable":true,"href":"https:\/\/www.wingchunparis.com\/en\/wp-json\/wp\/v2\/users\/2"}],"replies":[{"embeddable":true,"href":"https:\/\/www.wingchunparis.com\/en\/wp-json\/wp\/v2\/comments?post=153"}],"version-history":[{"count":5,"href":"https:\/\/www.wingchunparis.com\/en\/wp-json\/wp\/v2\/pages\/153\/revisions"}],"predecessor-version":[{"id":225,"href":"https:\/\/www.wingchunparis.com\/en\/wp-json\/wp\/v2\/pages\/153\/revisions\/225"}],"wp:attachment":[{"href":"https:\/\/www.wingchunparis.com\/en\/wp-json\/wp\/v2\/media?parent=153"}],"curies":[{"name":"wp","href":"https:\/\/api.w.org\/{rel}","templated":true}]}}